{"id":42,"date":"2019-05-16T08:45:01","date_gmt":"2019-05-16T06:45:01","guid":{"rendered":"http:\/\/kornersfjord.eu\/?page_id=42"},"modified":"2022-01-23T19:54:24","modified_gmt":"2022-01-23T18:54:24","slug":"pressestimmen","status":"publish","type":"page","link":"https:\/\/kornersfjord.eu\/?page_id=42","title":{"rendered":"Pressestimmen"},"content":{"rendered":"\r\n<h3><strong>Hier findet ihr Zeitungsanzeigen und Ver\u00f6ffentlichungen zu unserem Verein.<\/strong><\/h3>\r\n<h4><a href=\"https:\/\/kornersfjord.eu\/wp-content\/uploads\/2021\/08\/Echte-Piratenhochzeit-am-Strand-von-Thomas-und-Sabine-Kieslich-1.pdf\">Eine echte Piratenhochzeit Piratenhand<\/a><\/h4>\r\n<h4><a href=\"https:\/\/kornersfjord.eu\/wp-content\/uploads\/2021\/08\/Eckernfoerder-Piratenspektakel-Angriff-aus-dem-Hinterhalt.pdf\">Piratenspektakel 2021\u00a0 Angriff aus dem Hinterhalt<\/a><\/h4>\r\n<h4><a href=\"https:\/\/kornersfjord.eu\/?p=303\">Flaggen gehisst, Rieseby in Piratenhand<\/a><\/h4>\r\n<h4><a href=\"https:\/\/kornersfjord.eu\/?p=299\">Eckernf\u00f6rder Zeitung vom 01.08.2020<\/a><\/h4>\r\n<h4><a href=\"https:\/\/kornersfjord.eu\/wp-content\/uploads\/2019\/08\/Eckernfoerder_Zeitung_01_08_19.pdf\" class=\"pdfemb-viewer\" style=\"width:720px;height:917px;\" data-width=\"720\" data-height=\"917\" data-toolbar=\"bottom\" data-toolbar-fixed=\"off\">Eckernf\u00f6rder Zeitung vom 01.08.2019<\/a><\/h4>\r\n<h4><a href=\"https:\/\/kornersfjord.eu\/wp-content\/uploads\/2019\/08\/Piratenspektakel03_08_19-bearbeitet.pdf\" class=\"pdfemb-viewer\" style=\"width:720px;height:917px;\" data-width=\"720\" data-height=\"917\" data-toolbar=\"bottom\" data-toolbar-fixed=\"off\">Eckernf\u00f6rder Zeitung vom 03.08.2019<\/a><\/h4>\r\n<h4><a href=\"https:\/\/kornersfjord.eu\/wp-content\/uploads\/2019\/08\/Eckernfoerder_Zeitung_01_08_19.pdf\" class=\"pdfemb-viewer\" style=\"width:720px;height:917px;\" data-width=\"720\" data-height=\"917\" data-toolbar=\"bottom\" data-toolbar-fixed=\"off\">Eckernf\u00f6rder Zeitung vom 01.08.2019<\/a><\/h4>\r\n<h4><a href=\"https:\/\/kornersfjord.eu\/wp-content\/uploads\/2019\/08\/Piratenspektakel29_07_19.pdf\" class=\"pdfemb-viewer\" style=\"width:720px;height:917px;\" data-width=\"720\" data-height=\"917\" data-toolbar=\"bottom\" data-toolbar-fixed=\"off\">Zeitungsartikel vom 29.07.19<\/a><\/h4>\r\n<h4><a href=\"https:\/\/kornersfjord.eu\/wp-content\/uploads\/2019\/08\/Piratenspektakel19_07_19.pdf\" class=\"pdfemb-viewer\" style=\"width:720px;height:917px;\" data-width=\"720\" data-height=\"917\" data-toolbar=\"bottom\" data-toolbar-fixed=\"off\">Eckernf\u00f6rder Zeitung vom 19.07.2019<\/a><\/h4>\r\n<h4><a href=\"https:\/\/kornersfjord.eu\/?p=247\">M\u00fcnz\u00fcbergabe bei Rewe in Eckernf\u00f6rde 22.07.2019<\/a><\/h4>\r\n<p>&nbsp;<\/p>\r\n","protected":false},"excerpt":{"rendered":"<p>Hier findet ihr Zeitungsanzeigen und Ver\u00f6ffentlichungen zu unserem Verein. Eine echte Piratenhochzeit Piratenhand Piratenspektakel 2021\u00a0 Angriff aus dem Hinterhalt Flaggen gehisst, Rieseby in Piratenhand Eckernf\u00f6rder Zeitung vom 01.08.2020 M\u00fcnz\u00fcbergabe bei Rewe in Eckernf\u00f6rde 22.07.2019 &nbsp;<\/p>\n","protected":false},"author":1,"featured_media":0,"parent":0,"menu_order":3,"comment_status":"closed","ping_status":"closed","template":"","meta":{"footnotes":""},"class_list":["post-42","page","type-page","status-publish","hentry","post-preview"],"_links":{"self":[{"href":"https:\/\/kornersfjord.eu\/index.php?rest_route=\/wp\/v2\/pages\/42","targetHints":{"allow":["GET"]}}],"collection":[{"href":"https:\/\/kornersfjord.eu\/index.php?rest_route=\/wp\/v2\/pages"}],"about":[{"href":"https:\/\/kornersfjord.eu\/index.php?rest_route=\/wp\/v2\/types\/page"}],"author":[{"embeddable":true,"href":"https:\/\/kornersfjord.eu\/index.php?rest_route=\/wp\/v2\/users\/1"}],"replies":[{"embeddable":true,"href":"https:\/\/kornersfjord.eu\/index.php?rest_route=%2Fwp%2Fv2%2Fcomments&post=42"}],"version-history":[{"count":10,"href":"https:\/\/kornersfjord.eu\/index.php?rest_route=\/wp\/v2\/pages\/42\/revisions"}],"predecessor-version":[{"id":1443,"href":"https:\/\/kornersfjord.eu\/index.php?rest_route=\/wp\/v2\/pages\/42\/revisions\/1443"}],"wp:attachment":[{"href":"https:\/\/kornersfjord.eu\/index.php?rest_route=%2Fwp%2Fv2%2Fmedia&parent=42"}],"curies":[{"name":"wp","href":"https:\/\/api.w.org\/{rel}","templated":true}]}}